{"id":985,"date":"2022-10-11T15:54:53","date_gmt":"2022-10-11T15:54:53","guid":{"rendered":"http:\/\/www.timberwise.es\/?page_id=985"},"modified":"2022-10-12T20:10:52","modified_gmt":"2022-10-12T20:10:52","slug":"informacion-general-del-suelo-timberwise","status":"publish","type":"page","link":"http:\/\/www.timberwise.es\/en\/informacion-general-del-suelo-timberwise\/","title":{"rendered":"Informacion general del suelo Timberwise"},"content":{"rendered":"<div data-elementor-type=\"wp-page\" data-elementor-id=\"985\" class=\"elementor elementor-985\">\n\t\t\t\t\t\t\t\t\t<section class=\"elementor-section elementor-top-section elementor-element elementor-element-ae45356 elementor-section-boxed elementor-section-height-default elementor-section-height-default\" data-id=\"ae45356\" data-element_type=\"section\" data-settings=\"{&quot;background_background&quot;:&quot;classic&quot;}\">\n\t\t\t\t\t\t<div class=\"elementor-container elementor-column-gap-default\">\n\t\t\t\t\t<div class=\"elementor-column elementor-col-100 elementor-top-column elementor-element elementor-element-f868b58\" data-id=\"f868b58\" data-element_type=\"column\">\n\t\t\t<div class=\"elementor-widget-wrap elementor-element-populated\">\n\t\t\t\t\t\t\t\t<div class=\"elementor-element elementor-element-c659a82 elementor-widget elementor-widget-spacer\" data-id=\"c659a82\" data-element_type=\"widget\" data-widget_type=\"spacer.default\">\n\t\t\t\t<div class=\"elementor-widget-container\">\n\t\t\t<style>\/*! elementor - v3.18.0 - 20-12-2023 *\/\n.elementor-column .elementor-spacer-inner{height:var(--spacer-size)}.e-con{--container-widget-width:100%}.e-con-inner>.elementor-widget-spacer,.e-con>.elementor-widget-spacer{width:var(--container-widget-width,var(--spacer-size));--align-self:var(--container-widget-align-self,initial);--flex-shrink:0}.e-con-inner>.elementor-widget-spacer>.elementor-widget-container,.e-con>.elementor-widget-spacer>.elementor-widget-container{height:100%;width:100%}.e-con-inner>.elementor-widget-spacer>.elementor-widget-container>.elementor-spacer,.e-con>.elementor-widget-spacer>.elementor-widget-container>.elementor-spacer{height:100%}.e-con-inner>.elementor-widget-spacer>.elementor-widget-container>.elementor-spacer>.elementor-spacer-inner,.e-con>.elementor-widget-spacer>.elementor-widget-container>.elementor-spacer>.elementor-spacer-inner{height:var(--container-widget-height,var(--spacer-size))}.e-con-inner>.elementor-widget-spacer.elementor-widget-empty,.e-con>.elementor-widget-spacer.elementor-widget-empty{position:relative;min-height:22px;min-width:22px}.e-con-inner>.elementor-widget-spacer.elementor-widget-empty .elementor-widget-empty-icon,.e-con>.elementor-widget-spacer.elementor-widget-empty .elementor-widget-empty-icon{position:absolute;top:0;bottom:0;left:0;right:0;margin:auto;padding:0;width:22px;height:22px}<\/style>\t\t<div class=\"elementor-spacer\">\n\t\t\t<div class=\"elementor-spacer-inner\"><\/div>\n\t\t<\/div>\n\t\t\t\t<\/div>\n\t\t\t\t<\/div>\n\t\t\t\t<div class=\"elementor-element elementor-element-295d9b4 elementor-widget elementor-widget-heading\" data-id=\"295d9b4\" data-element_type=\"widget\" data-widget_type=\"heading.default\">\n\t\t\t\t<div class=\"elementor-widget-container\">\n\t\t\t<style>\/*! elementor - v3.18.0 - 20-12-2023 *\/\n.elementor-heading-title{padding:0;margin:0;line-height:1}.elementor-widget-heading .elementor-heading-title[class*=elementor-size-]>a{color:inherit;font-size:inherit;line-height:inherit}.elementor-widget-heading .elementor-heading-title.elementor-size-small{font-size:15px}.elementor-widget-heading .elementor-heading-title.elementor-size-medium{font-size:19px}.elementor-widget-heading .elementor-heading-title.elementor-size-large{font-size:29px}.elementor-widget-heading .elementor-heading-title.elementor-size-xl{font-size:39px}.elementor-widget-heading .elementor-heading-title.elementor-size-xxl{font-size:59px}<\/style><h2 class=\"elementor-heading-title elementor-size-xl\">General floor Information<\/h2>\t\t<\/div>\n\t\t\t\t<\/div>\n\t\t\t\t<div class=\"elementor-element elementor-element-0a79768 elementor-widget elementor-widget-spacer\" data-id=\"0a79768\" data-element_type=\"widget\" data-widget_type=\"spacer.default\">\n\t\t\t\t<div class=\"elementor-widget-container\">\n\t\t\t\t\t<div class=\"elementor-spacer\">\n\t\t\t<div class=\"elementor-spacer-inner\"><\/div>\n\t\t<\/div>\n\t\t\t\t<\/div>\n\t\t\t\t<\/div>\n\t\t\t\t\t<\/div>\n\t\t<\/div>\n\t\t\t\t\t\t\t<\/div>\n\t\t<\/section>\n\t\t\t\t<section class=\"elementor-section elementor-top-section elementor-element elementor-element-597f619 elementor-section-boxed elementor-section-height-default elementor-section-height-default\" data-id=\"597f619\" data-element_type=\"section\">\n\t\t\t\t\t\t<div class=\"elementor-container elementor-column-gap-default\">\n\t\t\t\t\t<div class=\"elementor-column elementor-col-100 elementor-top-column elementor-element elementor-element-72f7f0c\" data-id=\"72f7f0c\" data-element_type=\"column\">\n\t\t\t<div class=\"elementor-widget-wrap elementor-element-populated\">\n\t\t\t\t\t\t\t\t<div class=\"elementor-element elementor-element-8077a1b elementor-widget elementor-widget-spacer\" data-id=\"8077a1b\" data-element_type=\"widget\" data-widget_type=\"spacer.default\">\n\t\t\t\t<div class=\"elementor-widget-container\">\n\t\t\t\t\t<div class=\"elementor-spacer\">\n\t\t\t<div class=\"elementor-spacer-inner\"><\/div>\n\t\t<\/div>\n\t\t\t\t<\/div>\n\t\t\t\t<\/div>\n\t\t\t\t<div class=\"elementor-element elementor-element-0002708 elementor-widget elementor-widget-text-editor\" data-id=\"0002708\" data-element_type=\"widget\" data-widget_type=\"text-editor.default\">\n\t\t\t\t<div class=\"elementor-widget-container\">\n\t\t\t<style>\/*! elementor - v3.18.0 - 20-12-2023 *\/\n.elementor-widget-text-editor.elementor-drop-cap-view-stacked .elementor-drop-cap{background-color:#69727d;color:#fff}.elementor-widget-text-editor.elementor-drop-cap-view-framed .elementor-drop-cap{color:#69727d;border:3px solid;background-color:transparent}.elementor-widget-text-editor:not(.elementor-drop-cap-view-default) .elementor-drop-cap{margin-top:8px}.elementor-widget-text-editor:not(.elementor-drop-cap-view-default) .elementor-drop-cap-letter{width:1em;height:1em}.elementor-widget-text-editor .elementor-drop-cap{float:left;text-align:center;line-height:1;font-size:50px}.elementor-widget-text-editor .elementor-drop-cap-letter{display:inline-block}<\/style>\t\t\t\t<p><a style=\"color: blue;\" href=\"http:\/\/www.timberwise.es\/datos-tecnicos-y-dimensiones\">Technical data and dimensions<\/a><\/p><p><a style=\"color: blue;\" href=\"http:\/\/www.timberwise.es\/estructura-de-suelo-de-madera-timberwise\/\">Timberwise wooden floor structure<\/a><\/p><p><a style=\"color: blue;\" href=\"http:\/\/www.timberwise.es\/tratamientos-superficiales\/\">Surface treatments<\/a><\/p><p><a style=\"color: blue;\" href=\"http:\/\/www.timberwise.es\/ecologia-y-certificados\/\">Ecology and certificates<\/a><\/p><p><a style=\"color: blue;\" href=\"http:\/\/www.timberwise.es\/resistencia-al-fuego\/\">Fire rating<\/a><\/p><p><a style=\"color: blue;\" href=\"http:\/\/www.timberwise.es\/la-garantia-del-producto\/\">Product warranty<\/a><\/p>\t\t\t\t\t\t<\/div>\n\t\t\t\t<\/div>\n\t\t\t\t\t<\/div>\n\t\t<\/div>\n\t\t\t\t\t\t\t<\/div>\n\t\t<\/section>\n\t\t\t\t<section class=\"elementor-section elementor-top-section elementor-element elementor-element-511c33b3 elementor-section-boxed elementor-section-height-default elementor-section-height-default\" data-id=\"511c33b3\" data-element_type=\"section\" data-settings=\"{&quot;background_background&quot;:&quot;classic&quot;}\">\n\t\t\t\t\t\t<div class=\"elementor-container elementor-column-gap-default\">\n\t\t\t\t\t<div class=\"elementor-column elementor-col-50 elementor-top-column elementor-element elementor-element-7bb2322c\" data-id=\"7bb2322c\" data-element_type=\"column\">\n\t\t\t<div class=\"elementor-widget-wrap elementor-element-populated\">\n\t\t\t\t\t\t\t\t<div class=\"elementor-element elementor-element-fb65728 elementor-widget elementor-widget-spacer\" data-id=\"fb65728\" data-element_type=\"widget\" data-widget_type=\"spacer.default\">\n\t\t\t\t<div class=\"elementor-widget-container\">\n\t\t\t\t\t<div class=\"elementor-spacer\">\n\t\t\t<div class=\"elementor-spacer-inner\"><\/div>\n\t\t<\/div>\n\t\t\t\t<\/div>\n\t\t\t\t<\/div>\n\t\t\t\t<div class=\"elementor-element elementor-element-19f8232b elementor-widget elementor-widget-text-editor\" data-id=\"19f8232b\" data-element_type=\"widget\" data-widget_type=\"text-editor.default\">\n\t\t\t\t<div class=\"elementor-widget-container\">\n\t\t\t\t\t\t\t<p><a href=\"http:\/\/www.timberwise.es\/\"><strong>Home<\/strong><\/a><\/p><p><a href=\"http:\/\/www.timberwise.es\/productos\/\"><strong>Products<\/strong><\/a><\/p><p><a href=\"http:\/\/www.timberwise.es\/10-razones-para-eligir-timberwise\/\"><strong>Timberwise<\/strong><\/a><\/p><p><strong><a href=\"http:\/\/www.timberwise.es\/informacion-general-del-suelo-timberwise\/\">Technical data<\/a><\/strong><\/p><p><a href=\"https:\/\/www.instagram.com\/timberwiseespana\/?hl=fi\" target=\"_blank\" rel=\"noopener\"><strong>Instagram<\/strong><\/a><\/p><p><a href=\"http:\/\/www.timberwise.es\/contact\/\"><strong>Contact us<\/strong><\/a><\/p><p><a href=\"http:\/\/www.timberwise.es\/elementor-408\/\"><strong>Privacy Policy<\/strong><\/a><\/p>\t\t\t\t\t\t<\/div>\n\t\t\t\t<\/div>\n\t\t\t\t\t<\/div>\n\t\t<\/div>\n\t\t\t\t<div class=\"elementor-column elementor-col-50 elementor-top-column elementor-element elementor-element-210c225\" data-id=\"210c225\" data-element_type=\"column\">\n\t\t\t<div class=\"elementor-widget-wrap elementor-element-populated\">\n\t\t\t\t\t\t\t\t<div class=\"elementor-element elementor-element-67c6802 elementor-widget elementor-widget-spacer\" data-id=\"67c6802\" data-element_type=\"widget\" data-widget_type=\"spacer.default\">\n\t\t\t\t<div class=\"elementor-widget-container\">\n\t\t\t\t\t<div class=\"elementor-spacer\">\n\t\t\t<div class=\"elementor-spacer-inner\"><\/div>\n\t\t<\/div>\n\t\t\t\t<\/div>\n\t\t\t\t<\/div>\n\t\t\t\t<div class=\"elementor-element elementor-element-6a6448fe elementor-widget elementor-widget-spacer\" data-id=\"6a6448fe\" data-element_type=\"widget\" data-widget_type=\"spacer.default\">\n\t\t\t\t<div class=\"elementor-widget-container\">\n\t\t\t\t\t<div class=\"elementor-spacer\">\n\t\t\t<div class=\"elementor-spacer-inner\"><\/div>\n\t\t<\/div>\n\t\t\t\t<\/div>\n\t\t\t\t<\/div>\n\t\t\t\t<div class=\"elementor-element elementor-element-8705224 elementor-widget elementor-widget-spacer\" data-id=\"8705224\" data-element_type=\"widget\" data-widget_type=\"spacer.default\">\n\t\t\t\t<div class=\"elementor-widget-container\">\n\t\t\t\t\t<div class=\"elementor-spacer\">\n\t\t\t<div class=\"elementor-spacer-inner\"><\/div>\n\t\t<\/div>\n\t\t\t\t<\/div>\n\t\t\t\t<\/div>\n\t\t\t\t<div class=\"elementor-element elementor-element-7348c17a elementor-widget elementor-widget-text-editor\" data-id=\"7348c17a\" data-element_type=\"widget\" data-widget_type=\"text-editor.default\">\n\t\t\t\t<div class=\"elementor-widget-container\">\n\t\t\t\t\t\t\t<p><span style=\"color: #ddd0c3; font-family: Spartan, HelveticaNeue, Helvetica, Arial, sans-serif; font-size: 16px; background-color: #272425;\">\u00a9 Timberwise 2022<\/span><\/p>\t\t\t\t\t\t<\/div>\n\t\t\t\t<\/div>\n\t\t\t\t\t<\/div>\n\t\t<\/div>\n\t\t\t\t\t\t\t<\/div>\n\t\t<\/section>\n\t\t\t\t\t\t\t<\/div>","protected":false},"excerpt":{"rendered":"<p>Informaci\u00f3n general del Piso Datos t\u00e9cnicos y dimensiones Estructura de suelo de madera Timberwise Tratamientos superficiales Ecolog\u00eda y certificados Resistencia al fuego la garant\u00eda del producto Home Productos Timberwise Datos t\u00e9cnicos Instagram Contact nosotros Privacy Policy \u00a9 Timberwise 2022<\/p>","protected":false},"author":1,"featured_media":0,"parent":0,"menu_order":0,"comment_status":"closed","ping_status":"closed","template":"","meta":{"site-sidebar-layout":"no-sidebar","site-content-layout":"page-builder","ast-global-header-display":"","ast-main-header-display":"","ast-hfb-above-header-display":"","ast-hfb-below-header-display":"","ast-hfb-mobile-header-display":"","site-post-title":"disabled","ast-breadcrumbs-content":"","ast-featured-img":"disabled","footer-sml-layout":"","theme-transparent-header-meta":"","adv-header-id-meta":"","stick-header-meta":"","header-above-stick-meta":"","header-main-stick-meta":"","header-below-stick-meta":"","footnotes":""},"class_list":["post-985","page","type-page","status-publish","hentry"],"yoast_head":"<!-- This site is optimized with the Yoast SEO plugin v24.9 - https:\/\/yoast.com\/wordpress\/plugins\/seo\/ -->\n<title>Informacion general del suelo Timberwise -<\/title>\n<meta name=\"robots\" content=\"index, follow, max-snippet:-1, max-image-preview:large, max-video-preview:-1\" \/>\n<link rel=\"canonical\" href=\"http:\/\/www.timberwise.es\/en\/informacion-general-del-suelo-timberwise\/\" \/>\n<meta property=\"og:locale\" content=\"en_US\" \/>\n<meta property=\"og:type\" content=\"article\" \/>\n<meta property=\"og:title\" content=\"Informacion general del suelo Timberwise -\" \/>\n<meta property=\"og:description\" content=\"Informaci\u00f3n general del Piso Datos t\u00e9cnicos y dimensiones Estructura de suelo de madera Timberwise Tratamientos superficiales Ecolog\u00eda y certificados Resistencia al fuego la garant\u00eda del producto Home Productos Timberwise Datos t\u00e9cnicos Instagram Contact nosotros Privacy Policy \u00a9 Timberwise 2022\" \/>\n<meta property=\"og:url\" content=\"http:\/\/www.timberwise.es\/en\/informacion-general-del-suelo-timberwise\/\" \/>\n<meta property=\"article:publisher\" content=\"https:\/\/www.facebook.com\/timberwisespain\" \/>\n<meta property=\"article:modified_time\" content=\"2022-10-12T20:10:52+00:00\" \/>\n<meta name=\"twitter:card\" content=\"summary_large_image\" \/>\n<script type=\"application\/ld+json\" class=\"yoast-schema-graph\">{\"@context\":\"https:\/\/schema.org\",\"@graph\":[{\"@type\":\"WebPage\",\"@id\":\"http:\/\/www.timberwise.es\/informacion-general-del-suelo-timberwise\/\",\"url\":\"http:\/\/www.timberwise.es\/informacion-general-del-suelo-timberwise\/\",\"name\":\"Informacion general del suelo Timberwise -\",\"isPartOf\":{\"@id\":\"http:\/\/www.timberwise.es\/#website\"},\"datePublished\":\"2022-10-11T15:54:53+00:00\",\"dateModified\":\"2022-10-12T20:10:52+00:00\",\"breadcrumb\":{\"@id\":\"http:\/\/www.timberwise.es\/informacion-general-del-suelo-timberwise\/#breadcrumb\"},\"inLanguage\":\"en-US\",\"potentialAction\":[{\"@type\":\"ReadAction\",\"target\":[\"http:\/\/www.timberwise.es\/informacion-general-del-suelo-timberwise\/\"]}]},{\"@type\":\"BreadcrumbList\",\"@id\":\"http:\/\/www.timberwise.es\/informacion-general-del-suelo-timberwise\/#breadcrumb\",\"itemListElement\":[{\"@type\":\"ListItem\",\"position\":1,\"name\":\"Home\",\"item\":\"http:\/\/www.timberwise.es\/\"},{\"@type\":\"ListItem\",\"position\":2,\"name\":\"Informacion general del suelo Timberwise\"}]},{\"@type\":\"WebSite\",\"@id\":\"http:\/\/www.timberwise.es\/#website\",\"url\":\"http:\/\/www.timberwise.es\/\",\"name\":\"Timberwise\",\"description\":\"Timberwise - Piso Para La Vida\",\"publisher\":{\"@id\":\"http:\/\/www.timberwise.es\/#organization\"},\"alternateName\":\"Timberwise parquet\",\"potentialAction\":[{\"@type\":\"SearchAction\",\"target\":{\"@type\":\"EntryPoint\",\"urlTemplate\":\"http:\/\/www.timberwise.es\/?s={search_term_string}\"},\"query-input\":{\"@type\":\"PropertyValueSpecification\",\"valueRequired\":true,\"valueName\":\"search_term_string\"}}],\"inLanguage\":\"en-US\"},{\"@type\":\"Organization\",\"@id\":\"http:\/\/www.timberwise.es\/#organization\",\"name\":\"Timberwise\",\"alternateName\":\"Parquet timberwise\",\"url\":\"http:\/\/www.timberwise.es\/\",\"logo\":{\"@type\":\"ImageObject\",\"inLanguage\":\"en-US\",\"@id\":\"http:\/\/www.timberwise.es\/#\/schema\/logo\/image\/\",\"url\":\"http:\/\/www.timberwise.es\/wp-content\/uploads\/2022\/08\/cropped-logo-iso-musta-2.png\",\"contentUrl\":\"http:\/\/www.timberwise.es\/wp-content\/uploads\/2022\/08\/cropped-logo-iso-musta-2.png\",\"width\":310,\"height\":118,\"caption\":\"Timberwise\"},\"image\":{\"@id\":\"http:\/\/www.timberwise.es\/#\/schema\/logo\/image\/\"},\"sameAs\":[\"https:\/\/www.facebook.com\/timberwisespain\",\"https:\/\/www.instagram.com\/timberwiseespana\/?hl=fi\"]}]}<\/script>\n<!-- \/ Yoast SEO plugin. -->","yoast_head_json":{"title":"Informacion general del suelo Timberwise -","robots":{"index":"index","follow":"follow","max-snippet":"max-snippet:-1","max-image-preview":"max-image-preview:large","max-video-preview":"max-video-preview:-1"},"canonical":"http:\/\/www.timberwise.es\/en\/informacion-general-del-suelo-timberwise\/","og_locale":"en_US","og_type":"article","og_title":"Informacion general del suelo Timberwise -","og_description":"Informaci\u00f3n general del Piso Datos t\u00e9cnicos y dimensiones Estructura de suelo de madera Timberwise Tratamientos superficiales Ecolog\u00eda y certificados Resistencia al fuego la garant\u00eda del producto Home Productos Timberwise Datos t\u00e9cnicos Instagram Contact nosotros Privacy Policy \u00a9 Timberwise 2022","og_url":"http:\/\/www.timberwise.es\/en\/informacion-general-del-suelo-timberwise\/","article_publisher":"https:\/\/www.facebook.com\/timberwisespain","article_modified_time":"2022-10-12T20:10:52+00:00","twitter_card":"summary_large_image","schema":{"@context":"https:\/\/schema.org","@graph":[{"@type":"WebPage","@id":"http:\/\/www.timberwise.es\/informacion-general-del-suelo-timberwise\/","url":"http:\/\/www.timberwise.es\/informacion-general-del-suelo-timberwise\/","name":"Informacion general del suelo Timberwise -","isPartOf":{"@id":"http:\/\/www.timberwise.es\/#website"},"datePublished":"2022-10-11T15:54:53+00:00","dateModified":"2022-10-12T20:10:52+00:00","breadcrumb":{"@id":"http:\/\/www.timberwise.es\/informacion-general-del-suelo-timberwise\/#breadcrumb"},"inLanguage":"en-US","potentialAction":[{"@type":"ReadAction","target":["http:\/\/www.timberwise.es\/informacion-general-del-suelo-timberwise\/"]}]},{"@type":"BreadcrumbList","@id":"http:\/\/www.timberwise.es\/informacion-general-del-suelo-timberwise\/#breadcrumb","itemListElement":[{"@type":"ListItem","position":1,"name":"Home","item":"http:\/\/www.timberwise.es\/"},{"@type":"ListItem","position":2,"name":"Informacion general del suelo Timberwise"}]},{"@type":"WebSite","@id":"http:\/\/www.timberwise.es\/#website","url":"http:\/\/www.timberwise.es\/","name":"Timberwise","description":"Timberwise - Piso Para La Vida","publisher":{"@id":"http:\/\/www.timberwise.es\/#organization"},"alternateName":"Timberwise parquet","potentialAction":[{"@type":"SearchAction","target":{"@type":"EntryPoint","urlTemplate":"http:\/\/www.timberwise.es\/?s={search_term_string}"},"query-input":{"@type":"PropertyValueSpecification","valueRequired":true,"valueName":"search_term_string"}}],"inLanguage":"en-US"},{"@type":"Organization","@id":"http:\/\/www.timberwise.es\/#organization","name":"Timberwise","alternateName":"Parquet timberwise","url":"http:\/\/www.timberwise.es\/","logo":{"@type":"ImageObject","inLanguage":"en-US","@id":"http:\/\/www.timberwise.es\/#\/schema\/logo\/image\/","url":"http:\/\/www.timberwise.es\/wp-content\/uploads\/2022\/08\/cropped-logo-iso-musta-2.png","contentUrl":"http:\/\/www.timberwise.es\/wp-content\/uploads\/2022\/08\/cropped-logo-iso-musta-2.png","width":310,"height":118,"caption":"Timberwise"},"image":{"@id":"http:\/\/www.timberwise.es\/#\/schema\/logo\/image\/"},"sameAs":["https:\/\/www.facebook.com\/timberwisespain","https:\/\/www.instagram.com\/timberwiseespana\/?hl=fi"]}]}},"_links":{"self":[{"href":"http:\/\/www.timberwise.es\/en\/wp-json\/wp\/v2\/pages\/985","targetHints":{"allow":["GET"]}}],"collection":[{"href":"http:\/\/www.timberwise.es\/en\/wp-json\/wp\/v2\/pages"}],"about":[{"href":"http:\/\/www.timberwise.es\/en\/wp-json\/wp\/v2\/types\/page"}],"author":[{"embeddable":true,"href":"http:\/\/www.timberwise.es\/en\/wp-json\/wp\/v2\/users\/1"}],"replies":[{"embeddable":true,"href":"http:\/\/www.timberwise.es\/en\/wp-json\/wp\/v2\/comments?post=985"}],"version-history":[{"count":0,"href":"http:\/\/www.timberwise.es\/en\/wp-json\/wp\/v2\/pages\/985\/revisions"}],"wp:attachment":[{"href":"http:\/\/www.timberwise.es\/en\/wp-json\/wp\/v2\/media?parent=985"}],"curies":[{"name":"wp","href":"https:\/\/api.w.org\/{rel}","templated":true}]}}