{"id":408,"date":"2022-09-01T17:40:27","date_gmt":"2022-09-01T17:40:27","guid":{"rendered":"http:\/\/www.timberwise.es\/?page_id=408"},"modified":"2024-05-13T22:10:15","modified_gmt":"2024-05-13T22:10:15","slug":"elementor-408","status":"publish","type":"page","link":"http:\/\/www.timberwise.es\/en\/elementor-408\/","title":{"rendered":"Privacy Policy"},"content":{"rendered":"<div data-elementor-type=\"wp-page\" data-elementor-id=\"408\" class=\"elementor elementor-408\">\n\t\t\t\t\t\t\t\t\t<section class=\"elementor-section elementor-top-section elementor-element elementor-element-31fc1ca elementor-section-boxed elementor-section-height-default elementor-section-height-default\" data-id=\"31fc1ca\" data-element_type=\"section\" data-settings=\"{&quot;background_background&quot;:&quot;classic&quot;}\">\n\t\t\t\t\t\t\t<div class=\"elementor-background-overlay\"><\/div>\n\t\t\t\t\t\t\t<div class=\"elementor-container elementor-column-gap-default\">\n\t\t\t\t\t<div class=\"elementor-column elementor-col-100 elementor-top-column elementor-element elementor-element-e498400\" data-id=\"e498400\" data-element_type=\"column\">\n\t\t\t<div class=\"elementor-widget-wrap elementor-element-populated\">\n\t\t\t\t\t\t\t\t<div class=\"elementor-element elementor-element-fcc8536 elementor-widget elementor-widget-spacer\" data-id=\"fcc8536\" data-element_type=\"widget\" data-widget_type=\"spacer.default\">\n\t\t\t\t<div class=\"elementor-widget-container\">\n\t\t\t<style>\/*! elementor - v3.18.0 - 20-12-2023 *\/\n.elementor-column .elementor-spacer-inner{height:var(--spacer-size)}.e-con{--container-widget-width:100%}.e-con-inner>.elementor-widget-spacer,.e-con>.elementor-widget-spacer{width:var(--container-widget-width,var(--spacer-size));--align-self:var(--container-widget-align-self,initial);--flex-shrink:0}.e-con-inner>.elementor-widget-spacer>.elementor-widget-container,.e-con>.elementor-widget-spacer>.elementor-widget-container{height:100%;width:100%}.e-con-inner>.elementor-widget-spacer>.elementor-widget-container>.elementor-spacer,.e-con>.elementor-widget-spacer>.elementor-widget-container>.elementor-spacer{height:100%}.e-con-inner>.elementor-widget-spacer>.elementor-widget-container>.elementor-spacer>.elementor-spacer-inner,.e-con>.elementor-widget-spacer>.elementor-widget-container>.elementor-spacer>.elementor-spacer-inner{height:var(--container-widget-height,var(--spacer-size))}.e-con-inner>.elementor-widget-spacer.elementor-widget-empty,.e-con>.elementor-widget-spacer.elementor-widget-empty{position:relative;min-height:22px;min-width:22px}.e-con-inner>.elementor-widget-spacer.elementor-widget-empty .elementor-widget-empty-icon,.e-con>.elementor-widget-spacer.elementor-widget-empty .elementor-widget-empty-icon{position:absolute;top:0;bottom:0;left:0;right:0;margin:auto;padding:0;width:22px;height:22px}<\/style>\t\t<div class=\"elementor-spacer\">\n\t\t\t<div class=\"elementor-spacer-inner\"><\/div>\n\t\t<\/div>\n\t\t\t\t<\/div>\n\t\t\t\t<\/div>\n\t\t\t\t<div class=\"elementor-element elementor-element-44cae16 elementor-widget elementor-widget-heading\" data-id=\"44cae16\" data-element_type=\"widget\" data-widget_type=\"heading.default\">\n\t\t\t\t<div class=\"elementor-widget-container\">\n\t\t\t<style>\/*! elementor - v3.18.0 - 20-12-2023 *\/\n.elementor-heading-title{padding:0;margin:0;line-height:1}.elementor-widget-heading .elementor-heading-title[class*=elementor-size-]>a{color:inherit;font-size:inherit;line-height:inherit}.elementor-widget-heading .elementor-heading-title.elementor-size-small{font-size:15px}.elementor-widget-heading .elementor-heading-title.elementor-size-medium{font-size:19px}.elementor-widget-heading .elementor-heading-title.elementor-size-large{font-size:29px}.elementor-widget-heading .elementor-heading-title.elementor-size-xl{font-size:39px}.elementor-widget-heading .elementor-heading-title.elementor-size-xxl{font-size:59px}<\/style><h2 class=\"elementor-heading-title elementor-size-xl\">Privacy Policy<\/h2>\t\t<\/div>\n\t\t\t\t<\/div>\n\t\t\t\t<div class=\"elementor-element elementor-element-696f210 elementor-widget elementor-widget-spacer\" data-id=\"696f210\" data-element_type=\"widget\" data-widget_type=\"spacer.default\">\n\t\t\t\t<div class=\"elementor-widget-container\">\n\t\t\t\t\t<div class=\"elementor-spacer\">\n\t\t\t<div class=\"elementor-spacer-inner\"><\/div>\n\t\t<\/div>\n\t\t\t\t<\/div>\n\t\t\t\t<\/div>\n\t\t\t\t\t<\/div>\n\t\t<\/div>\n\t\t\t\t\t\t\t<\/div>\n\t\t<\/section>\n\t\t\t\t<section class=\"elementor-section elementor-top-section elementor-element elementor-element-3ccd928 elementor-section-boxed elementor-section-height-default elementor-section-height-default\" data-id=\"3ccd928\" data-element_type=\"section\">\n\t\t\t\t\t\t<div class=\"elementor-container elementor-column-gap-default\">\n\t\t\t\t\t<div class=\"elementor-column elementor-col-100 elementor-top-column elementor-element elementor-element-2fee3b1\" data-id=\"2fee3b1\" data-element_type=\"column\">\n\t\t\t<div class=\"elementor-widget-wrap elementor-element-populated\">\n\t\t\t\t\t\t\t\t<section class=\"elementor-section elementor-inner-section elementor-element elementor-element-dcd52a0 elementor-section-boxed elementor-section-height-default elementor-section-height-default\" data-id=\"dcd52a0\" data-element_type=\"section\">\n\t\t\t\t\t\t<div class=\"elementor-container elementor-column-gap-default\">\n\t\t\t\t\t<div class=\"elementor-column elementor-col-100 elementor-inner-column elementor-element elementor-element-af56344\" data-id=\"af56344\" data-element_type=\"column\">\n\t\t\t<div class=\"elementor-widget-wrap elementor-element-populated\">\n\t\t\t\t\t\t\t\t<div class=\"elementor-element elementor-element-8cd0c3c elementor-widget elementor-widget-text-editor\" data-id=\"8cd0c3c\" data-element_type=\"widget\" data-widget_type=\"text-editor.default\">\n\t\t\t\t<div class=\"elementor-widget-container\">\n\t\t\t<style>\/*! elementor - v3.18.0 - 20-12-2023 *\/\n.elementor-widget-text-editor.elementor-drop-cap-view-stacked .elementor-drop-cap{background-color:#69727d;color:#fff}.elementor-widget-text-editor.elementor-drop-cap-view-framed .elementor-drop-cap{color:#69727d;border:3px solid;background-color:transparent}.elementor-widget-text-editor:not(.elementor-drop-cap-view-default) .elementor-drop-cap{margin-top:8px}.elementor-widget-text-editor:not(.elementor-drop-cap-view-default) .elementor-drop-cap-letter{width:1em;height:1em}.elementor-widget-text-editor .elementor-drop-cap{float:left;text-align:center;line-height:1;font-size:50px}.elementor-widget-text-editor .elementor-drop-cap-letter{display:inline-block}<\/style>\t\t\t\t<p>Pol\u00edtica de Privacidad<\/p><p><span style=\"font-style: inherit; font-weight: inherit; color: var( --e-global-color-text ); font-family: var( --e-global-typography-text-font-family ), Spartan; background-color: var(--ast-global-color-5);\">1. Introducci\u00f3n<\/span><\/p><p><span style=\"font-style: inherit; font-weight: inherit; color: var( --e-global-color-text ); font-family: var( --e-global-typography-text-font-family ), Spartan; background-color: var(--ast-global-color-5);\">2. Informaci\u00f3n que Recopilamos<\/span><\/p><p>Podemos recopilar la siguiente informaci\u00f3n:<\/p><p>&#8211; Informaci\u00f3n de contacto, como su nombre, direcci\u00f3n de correo electr\u00f3nico y n\u00famero de tel\u00e9fono.<br \/>&#8211; Informaci\u00f3n demogr\u00e1fica, como su pa\u00eds de residencia.<br \/>&#8211; Informaci\u00f3n sobre su dispositivo y navegaci\u00f3n, incluyendo la direcci\u00f3n IP, tipo de navegador, sistema operativo y p\u00e1ginas visitadas.<br \/>&#8211; Informaci\u00f3n proporcionada voluntariamente por usted a trav\u00e9s de formularios en nuestro sitio web.<\/p><p>3. Uso de la Informaci\u00f3n<\/p><p>Utilizamos la informaci\u00f3n recopilada para los siguientes fines:<\/p><p>&#8211; Procesar y responder a sus consultas y solicitudes.<br \/>&#8211; Personalizar su experiencia en nuestro sitio web.<br \/>&#8211; Enviarle informaci\u00f3n sobre nuestros productos, servicios o promociones si usted ha dado su consentimiento para recibir comunicaciones de marketing.<br \/>&#8211; Mejorar y mantener nuestro sitio web y servicios.<br \/>&#8211; Cumplir con las obligaciones legales.<\/p><p>4. Compartir Informaci\u00f3n<\/p><p>No vendemos, alquilamos ni compartimos su informaci\u00f3n personal con terceros, excepto en las siguientes circunstancias:<\/p><p>&#8211; Con su consentimiento.<br \/>&#8211; Con proveedores de servicios que trabajan en nuestro nombre y est\u00e1n sujetos a acuerdos de confidencialidad.<br \/>&#8211; Cuando sea necesario para cumplir con requisitos legales o proteger nuestros derechos, privacidad, seguridad o propiedad.<\/p><p>5. Cookies y Tecnolog\u00edas Similares<\/p><p>Utilizamos cookies y tecnolog\u00edas similares para recopilar informaci\u00f3n sobre su interacci\u00f3n con nuestro sitio web. Puede ajustar la configuraci\u00f3n de su navegador para rechazar cookies, pero esto puede afectar su experiencia de navegaci\u00f3n.<\/p><p>6. Enlaces a Terceros<\/p><p>Nuestro sitio web puede contener enlaces a sitios web de terceros. No somos responsables de las pr\u00e1cticas de privacidad de esos sitios y le recomendamos revisar sus pol\u00edticas de privacidad.<\/p><p>7. Seguridad de los Datos<\/p><p>Tomamos medidas razonables para proteger su informaci\u00f3n personal contra acceso no autorizado, divulgaci\u00f3n, alteraci\u00f3n o destrucci\u00f3n.<\/p><p>8. Sus Derechos<\/p><p>Usted tiene derechos en relaci\u00f3n con sus datos personales, incluyendo el derecho a acceder, corregir, eliminar o limitar el procesamiento de sus datos. Para ejercer estos derechos, cont\u00e1ctenos a trav\u00e9s de la informaci\u00f3n proporcionada a continuaci\u00f3n.<\/p><p>9. Cambios en la Pol\u00edtica de Privacidad<\/p><p>Nos reservamos el derecho de actualizar esta Pol\u00edtica de Privacidad en cualquier momento. Cualquier cambio ser\u00e1 publicado en esta p\u00e1gina con la fecha de la \u00faltima actualizaci\u00f3n.<\/p><p>10. Cont\u00e1ctenos<\/p><p>Si tiene alguna pregunta o inquietaci\u00f3n sobre nuestra Pol\u00edtica de Privacidad, no dude en ponerse en contacto con nosotros.<\/p><p>\u00a0<\/p>\t\t\t\t\t\t<\/div>\n\t\t\t\t<\/div>\n\t\t\t\t\t<\/div>\n\t\t<\/div>\n\t\t\t\t\t\t\t<\/div>\n\t\t<\/section>\n\t\t\t\t<div class=\"elementor-element elementor-element-2100e59 elementor-widget elementor-widget-spacer\" data-id=\"2100e59\" data-element_type=\"widget\" data-widget_type=\"spacer.default\">\n\t\t\t\t<div class=\"elementor-widget-container\">\n\t\t\t\t\t<div class=\"elementor-spacer\">\n\t\t\t<div class=\"elementor-spacer-inner\"><\/div>\n\t\t<\/div>\n\t\t\t\t<\/div>\n\t\t\t\t<\/div>\n\t\t\t\t<div class=\"elementor-element elementor-element-6fbbad6 elementor-widget elementor-widget-heading\" data-id=\"6fbbad6\" data-element_type=\"widget\" data-widget_type=\"heading.default\">\n\t\t\t\t<div class=\"elementor-widget-container\">\n\t\t\t<h2 class=\"elementor-heading-title elementor-size-default\">Add Your Heading Text Here<\/h2>\t\t<\/div>\n\t\t\t\t<\/div>\n\t\t\t\t\t<\/div>\n\t\t<\/div>\n\t\t\t\t\t\t\t<\/div>\n\t\t<\/section>\n\t\t\t\t<section class=\"elementor-section elementor-top-section elementor-element elementor-element-373a4aa9 elementor-section-boxed elementor-section-height-default elementor-section-height-default\" data-id=\"373a4aa9\" data-element_type=\"section\" data-settings=\"{&quot;background_background&quot;:&quot;classic&quot;}\">\n\t\t\t\t\t\t<div class=\"elementor-container elementor-column-gap-default\">\n\t\t\t\t\t<div class=\"elementor-column elementor-col-50 elementor-top-column elementor-element elementor-element-7c8e10f4\" data-id=\"7c8e10f4\" data-element_type=\"column\">\n\t\t\t<div class=\"elementor-widget-wrap elementor-element-populated\">\n\t\t\t\t\t\t\t\t<div class=\"elementor-element elementor-element-d43aa12 elementor-widget elementor-widget-spacer\" data-id=\"d43aa12\" data-element_type=\"widget\" data-widget_type=\"spacer.default\">\n\t\t\t\t<div class=\"elementor-widget-container\">\n\t\t\t\t\t<div class=\"elementor-spacer\">\n\t\t\t<div class=\"elementor-spacer-inner\"><\/div>\n\t\t<\/div>\n\t\t\t\t<\/div>\n\t\t\t\t<\/div>\n\t\t\t\t<div class=\"elementor-element elementor-element-183ba4d elementor-widget elementor-widget-text-editor\" data-id=\"183ba4d\" data-element_type=\"widget\" data-widget_type=\"text-editor.default\">\n\t\t\t\t<div class=\"elementor-widget-container\">\n\t\t\t\t\t\t\t<p><a href=\"http:\/\/www.timberwise.es\/\"><strong>Home<\/strong><\/a><\/p><p><a href=\"http:\/\/www.timberwise.es\/productos\/\"><strong>Products<\/strong><\/a><\/p><p><a href=\"http:\/\/www.timberwise.es\/10-razones-para-eligir-timberwise\/\"><strong>Timberwise<\/strong><\/a><\/p><p><strong><a href=\"http:\/\/www.timberwise.es\/informacion-general-del-suelo-timberwise\/\">Technical data<\/a><\/strong><\/p><p><a href=\"https:\/\/www.instagram.com\/timberwiseespana\/?hl=fi\" target=\"_blank\" rel=\"noopener\"><strong>Instagram<\/strong><\/a><\/p><p><a href=\"http:\/\/www.timberwise.es\/contact\/\"><strong>Contact us<\/strong><\/a><\/p><p><a href=\"http:\/\/www.timberwise.es\/elementor-408\/\"><strong>Privacy Policy<\/strong><\/a><\/p>\t\t\t\t\t\t<\/div>\n\t\t\t\t<\/div>\n\t\t\t\t\t<\/div>\n\t\t<\/div>\n\t\t\t\t<div class=\"elementor-column elementor-col-50 elementor-top-column elementor-element elementor-element-357be98\" data-id=\"357be98\" data-element_type=\"column\">\n\t\t\t<div class=\"elementor-widget-wrap elementor-element-populated\">\n\t\t\t\t\t\t\t\t<div class=\"elementor-element elementor-element-116f5784 elementor-widget elementor-widget-spacer\" data-id=\"116f5784\" data-element_type=\"widget\" data-widget_type=\"spacer.default\">\n\t\t\t\t<div class=\"elementor-widget-container\">\n\t\t\t\t\t<div class=\"elementor-spacer\">\n\t\t\t<div class=\"elementor-spacer-inner\"><\/div>\n\t\t<\/div>\n\t\t\t\t<\/div>\n\t\t\t\t<\/div>\n\t\t\t\t<div class=\"elementor-element elementor-element-b590878 elementor-widget elementor-widget-spacer\" data-id=\"b590878\" data-element_type=\"widget\" data-widget_type=\"spacer.default\">\n\t\t\t\t<div class=\"elementor-widget-container\">\n\t\t\t\t\t<div class=\"elementor-spacer\">\n\t\t\t<div class=\"elementor-spacer-inner\"><\/div>\n\t\t<\/div>\n\t\t\t\t<\/div>\n\t\t\t\t<\/div>\n\t\t\t\t<div class=\"elementor-element elementor-element-9192caf elementor-widget elementor-widget-spacer\" data-id=\"9192caf\" data-element_type=\"widget\" data-widget_type=\"spacer.default\">\n\t\t\t\t<div class=\"elementor-widget-container\">\n\t\t\t\t\t<div class=\"elementor-spacer\">\n\t\t\t<div class=\"elementor-spacer-inner\"><\/div>\n\t\t<\/div>\n\t\t\t\t<\/div>\n\t\t\t\t<\/div>\n\t\t\t\t<div class=\"elementor-element elementor-element-2037a743 elementor-widget elementor-widget-text-editor\" data-id=\"2037a743\" data-element_type=\"widget\" data-widget_type=\"text-editor.default\">\n\t\t\t\t<div class=\"elementor-widget-container\">\n\t\t\t\t\t\t\t<p><span style=\"color: #ddd0c3; font-family: Spartan, HelveticaNeue, Helvetica, Arial, sans-serif; font-size: 16px; background-color: #272425;\">\u00a9 Timberwise 2022<\/span><\/p>\t\t\t\t\t\t<\/div>\n\t\t\t\t<\/div>\n\t\t\t\t\t<\/div>\n\t\t<\/div>\n\t\t\t\t\t\t\t<\/div>\n\t\t<\/section>\n\t\t\t\t\t\t\t<\/div>","protected":false},"excerpt":{"rendered":"<p>Privacy Policy Pol\u00edtica de Privacidad 1. Introducci\u00f3n 2. Informaci\u00f3n que Recopilamos Podemos recopilar la siguiente informaci\u00f3n: &#8211; Informaci\u00f3n de contacto, como su nombre, direcci\u00f3n de correo electr\u00f3nico y n\u00famero de tel\u00e9fono.&#8211; Informaci\u00f3n demogr\u00e1fica, como su pa\u00eds de residencia.&#8211; Informaci\u00f3n sobre su dispositivo y navegaci\u00f3n, incluyendo la direcci\u00f3n IP, tipo de navegador, sistema operativo y p\u00e1ginas &hellip;<\/p>\n<p class=\"read-more\"> <a class=\"\" href=\"http:\/\/www.timberwise.es\/en\/elementor-408\/\"> <span class=\"screen-reader-text\">Privacy Policy<\/span> Read More &raquo;<\/a><\/p>","protected":false},"author":1,"featured_media":0,"parent":0,"menu_order":0,"comment_status":"closed","ping_status":"closed","template":"","meta":{"site-sidebar-layout":"no-sidebar","site-content-layout":"page-builder","ast-global-header-display":"","ast-main-header-display":"","ast-hfb-above-header-display":"","ast-hfb-below-header-display":"","ast-hfb-mobile-header-display":"","site-post-title":"disabled","ast-breadcrumbs-content":"","ast-featured-img":"disabled","footer-sml-layout":"","theme-transparent-header-meta":"","adv-header-id-meta":"","stick-header-meta":"","header-above-stick-meta":"","header-main-stick-meta":"","header-below-stick-meta":"","footnotes":""},"class_list":["post-408","page","type-page","status-publish","hentry"],"yoast_head":"<!-- This site is optimized with the Yoast SEO plugin v24.9 - https:\/\/yoast.com\/wordpress\/plugins\/seo\/ -->\n<title>Privacy Policy -<\/title>\n<meta name=\"description\" content=\"Pol\u00edtica de Privacidad de JMT IMPORT GROUP S.L (importador unico en Espa\u00f1a).\" \/>\n<meta name=\"robots\" content=\"index, follow, max-snippet:-1, max-image-preview:large, max-video-preview:-1\" \/>\n<link rel=\"canonical\" href=\"http:\/\/www.timberwise.es\/en\/elementor-408\/\" \/>\n<meta property=\"og:locale\" content=\"en_US\" \/>\n<meta property=\"og:type\" content=\"article\" \/>\n<meta property=\"og:title\" content=\"Privacy Policy -\" \/>\n<meta property=\"og:description\" content=\"Pol\u00edtica de Privacidad de JMT IMPORT GROUP S.L (importador unico en Espa\u00f1a).\" \/>\n<meta property=\"og:url\" content=\"http:\/\/www.timberwise.es\/en\/elementor-408\/\" \/>\n<meta property=\"article:publisher\" content=\"https:\/\/www.facebook.com\/timberwisespain\" \/>\n<meta property=\"article:modified_time\" content=\"2024-05-13T22:10:15+00:00\" \/>\n<meta name=\"twitter:card\" content=\"summary_large_image\" \/>\n<meta name=\"twitter:label1\" content=\"Est. reading time\" \/>\n\t<meta name=\"twitter:data1\" content=\"2 minutes\" \/>\n<script type=\"application\/ld+json\" class=\"yoast-schema-graph\">{\"@context\":\"https:\/\/schema.org\",\"@graph\":[{\"@type\":\"WebPage\",\"@id\":\"http:\/\/www.timberwise.es\/elementor-408\/\",\"url\":\"http:\/\/www.timberwise.es\/elementor-408\/\",\"name\":\"Privacy Policy -\",\"isPartOf\":{\"@id\":\"http:\/\/www.timberwise.es\/#website\"},\"datePublished\":\"2022-09-01T17:40:27+00:00\",\"dateModified\":\"2024-05-13T22:10:15+00:00\",\"description\":\"Pol\u00edtica de Privacidad de JMT IMPORT GROUP S.L (importador unico en Espa\u00f1a).\",\"breadcrumb\":{\"@id\":\"http:\/\/www.timberwise.es\/elementor-408\/#breadcrumb\"},\"inLanguage\":\"en-US\",\"potentialAction\":[{\"@type\":\"ReadAction\",\"target\":[\"http:\/\/www.timberwise.es\/elementor-408\/\"]}]},{\"@type\":\"BreadcrumbList\",\"@id\":\"http:\/\/www.timberwise.es\/elementor-408\/#breadcrumb\",\"itemListElement\":[{\"@type\":\"ListItem\",\"position\":1,\"name\":\"Home\",\"item\":\"http:\/\/www.timberwise.es\/\"},{\"@type\":\"ListItem\",\"position\":2,\"name\":\"Privacy Policy\"}]},{\"@type\":\"WebSite\",\"@id\":\"http:\/\/www.timberwise.es\/#website\",\"url\":\"http:\/\/www.timberwise.es\/\",\"name\":\"Timberwise\",\"description\":\"Timberwise - Piso Para La Vida\",\"publisher\":{\"@id\":\"http:\/\/www.timberwise.es\/#organization\"},\"alternateName\":\"Timberwise parquet\",\"potentialAction\":[{\"@type\":\"SearchAction\",\"target\":{\"@type\":\"EntryPoint\",\"urlTemplate\":\"http:\/\/www.timberwise.es\/?s={search_term_string}\"},\"query-input\":{\"@type\":\"PropertyValueSpecification\",\"valueRequired\":true,\"valueName\":\"search_term_string\"}}],\"inLanguage\":\"en-US\"},{\"@type\":\"Organization\",\"@id\":\"http:\/\/www.timberwise.es\/#organization\",\"name\":\"Timberwise\",\"alternateName\":\"Parquet timberwise\",\"url\":\"http:\/\/www.timberwise.es\/\",\"logo\":{\"@type\":\"ImageObject\",\"inLanguage\":\"en-US\",\"@id\":\"http:\/\/www.timberwise.es\/#\/schema\/logo\/image\/\",\"url\":\"http:\/\/www.timberwise.es\/wp-content\/uploads\/2022\/08\/cropped-logo-iso-musta-2.png\",\"contentUrl\":\"http:\/\/www.timberwise.es\/wp-content\/uploads\/2022\/08\/cropped-logo-iso-musta-2.png\",\"width\":310,\"height\":118,\"caption\":\"Timberwise\"},\"image\":{\"@id\":\"http:\/\/www.timberwise.es\/#\/schema\/logo\/image\/\"},\"sameAs\":[\"https:\/\/www.facebook.com\/timberwisespain\",\"https:\/\/www.instagram.com\/timberwiseespana\/?hl=fi\"]}]}<\/script>\n<!-- \/ Yoast SEO plugin. -->","yoast_head_json":{"title":"Privacy Policy -","description":"Pol\u00edtica de Privacidad de JMT IMPORT GROUP S.L (importador unico en Espa\u00f1a).","robots":{"index":"index","follow":"follow","max-snippet":"max-snippet:-1","max-image-preview":"max-image-preview:large","max-video-preview":"max-video-preview:-1"},"canonical":"http:\/\/www.timberwise.es\/en\/elementor-408\/","og_locale":"en_US","og_type":"article","og_title":"Privacy Policy -","og_description":"Pol\u00edtica de Privacidad de JMT IMPORT GROUP S.L (importador unico en Espa\u00f1a).","og_url":"http:\/\/www.timberwise.es\/en\/elementor-408\/","article_publisher":"https:\/\/www.facebook.com\/timberwisespain","article_modified_time":"2024-05-13T22:10:15+00:00","twitter_card":"summary_large_image","twitter_misc":{"Est. reading time":"2 minutes"},"schema":{"@context":"https:\/\/schema.org","@graph":[{"@type":"WebPage","@id":"http:\/\/www.timberwise.es\/elementor-408\/","url":"http:\/\/www.timberwise.es\/elementor-408\/","name":"Privacy Policy -","isPartOf":{"@id":"http:\/\/www.timberwise.es\/#website"},"datePublished":"2022-09-01T17:40:27+00:00","dateModified":"2024-05-13T22:10:15+00:00","description":"Pol\u00edtica de Privacidad de JMT IMPORT GROUP S.L (importador unico en Espa\u00f1a).","breadcrumb":{"@id":"http:\/\/www.timberwise.es\/elementor-408\/#breadcrumb"},"inLanguage":"en-US","potentialAction":[{"@type":"ReadAction","target":["http:\/\/www.timberwise.es\/elementor-408\/"]}]},{"@type":"BreadcrumbList","@id":"http:\/\/www.timberwise.es\/elementor-408\/#breadcrumb","itemListElement":[{"@type":"ListItem","position":1,"name":"Home","item":"http:\/\/www.timberwise.es\/"},{"@type":"ListItem","position":2,"name":"Privacy Policy"}]},{"@type":"WebSite","@id":"http:\/\/www.timberwise.es\/#website","url":"http:\/\/www.timberwise.es\/","name":"Timberwise","description":"Timberwise - Piso Para La Vida","publisher":{"@id":"http:\/\/www.timberwise.es\/#organization"},"alternateName":"Timberwise parquet","potentialAction":[{"@type":"SearchAction","target":{"@type":"EntryPoint","urlTemplate":"http:\/\/www.timberwise.es\/?s={search_term_string}"},"query-input":{"@type":"PropertyValueSpecification","valueRequired":true,"valueName":"search_term_string"}}],"inLanguage":"en-US"},{"@type":"Organization","@id":"http:\/\/www.timberwise.es\/#organization","name":"Timberwise","alternateName":"Parquet timberwise","url":"http:\/\/www.timberwise.es\/","logo":{"@type":"ImageObject","inLanguage":"en-US","@id":"http:\/\/www.timberwise.es\/#\/schema\/logo\/image\/","url":"http:\/\/www.timberwise.es\/wp-content\/uploads\/2022\/08\/cropped-logo-iso-musta-2.png","contentUrl":"http:\/\/www.timberwise.es\/wp-content\/uploads\/2022\/08\/cropped-logo-iso-musta-2.png","width":310,"height":118,"caption":"Timberwise"},"image":{"@id":"http:\/\/www.timberwise.es\/#\/schema\/logo\/image\/"},"sameAs":["https:\/\/www.facebook.com\/timberwisespain","https:\/\/www.instagram.com\/timberwiseespana\/?hl=fi"]}]}},"_links":{"self":[{"href":"http:\/\/www.timberwise.es\/en\/wp-json\/wp\/v2\/pages\/408","targetHints":{"allow":["GET"]}}],"collection":[{"href":"http:\/\/www.timberwise.es\/en\/wp-json\/wp\/v2\/pages"}],"about":[{"href":"http:\/\/www.timberwise.es\/en\/wp-json\/wp\/v2\/types\/page"}],"author":[{"embeddable":true,"href":"http:\/\/www.timberwise.es\/en\/wp-json\/wp\/v2\/users\/1"}],"replies":[{"embeddable":true,"href":"http:\/\/www.timberwise.es\/en\/wp-json\/wp\/v2\/comments?post=408"}],"version-history":[{"count":0,"href":"http:\/\/www.timberwise.es\/en\/wp-json\/wp\/v2\/pages\/408\/revisions"}],"wp:attachment":[{"href":"http:\/\/www.timberwise.es\/en\/wp-json\/wp\/v2\/media?parent=408"}],"curies":[{"name":"wp","href":"https:\/\/api.w.org\/{rel}","templated":true}]}}