{"id":1002,"date":"2022-10-11T16:13:10","date_gmt":"2022-10-11T16:13:10","guid":{"rendered":"http:\/\/www.timberwise.es\/?page_id=1002"},"modified":"2022-10-11T17:51:50","modified_gmt":"2022-10-11T17:51:50","slug":"la-garantia-del-producto","status":"publish","type":"page","link":"http:\/\/www.timberwise.es\/en\/la-garantia-del-producto\/","title":{"rendered":"Product warranty"},"content":{"rendered":"<div data-elementor-type=\"wp-page\" data-elementor-id=\"1002\" class=\"elementor elementor-1002\">\n\t\t\t\t\t\t\t\t\t<section class=\"elementor-section elementor-top-section elementor-element elementor-element-36d26b1c elementor-section-boxed elementor-section-height-default elementor-section-height-default\" data-id=\"36d26b1c\" data-element_type=\"section\" data-settings=\"{&quot;background_background&quot;:&quot;classic&quot;}\">\n\t\t\t\t\t\t<div class=\"elementor-container elementor-column-gap-default\">\n\t\t\t\t\t<div class=\"elementor-column elementor-col-100 elementor-top-column elementor-element elementor-element-724ddb24\" data-id=\"724ddb24\" data-element_type=\"column\">\n\t\t\t<div class=\"elementor-widget-wrap elementor-element-populated\">\n\t\t\t\t\t\t\t\t<div class=\"elementor-element elementor-element-51b8256 elementor-widget elementor-widget-spacer\" data-id=\"51b8256\" data-element_type=\"widget\" data-widget_type=\"spacer.default\">\n\t\t\t\t<div class=\"elementor-widget-container\">\n\t\t\t<style>\/*! elementor - v3.18.0 - 20-12-2023 *\/\n.elementor-column .elementor-spacer-inner{height:var(--spacer-size)}.e-con{--container-widget-width:100%}.e-con-inner>.elementor-widget-spacer,.e-con>.elementor-widget-spacer{width:var(--container-widget-width,var(--spacer-size));--align-self:var(--container-widget-align-self,initial);--flex-shrink:0}.e-con-inner>.elementor-widget-spacer>.elementor-widget-container,.e-con>.elementor-widget-spacer>.elementor-widget-container{height:100%;width:100%}.e-con-inner>.elementor-widget-spacer>.elementor-widget-container>.elementor-spacer,.e-con>.elementor-widget-spacer>.elementor-widget-container>.elementor-spacer{height:100%}.e-con-inner>.elementor-widget-spacer>.elementor-widget-container>.elementor-spacer>.elementor-spacer-inner,.e-con>.elementor-widget-spacer>.elementor-widget-container>.elementor-spacer>.elementor-spacer-inner{height:var(--container-widget-height,var(--spacer-size))}.e-con-inner>.elementor-widget-spacer.elementor-widget-empty,.e-con>.elementor-widget-spacer.elementor-widget-empty{position:relative;min-height:22px;min-width:22px}.e-con-inner>.elementor-widget-spacer.elementor-widget-empty .elementor-widget-empty-icon,.e-con>.elementor-widget-spacer.elementor-widget-empty .elementor-widget-empty-icon{position:absolute;top:0;bottom:0;left:0;right:0;margin:auto;padding:0;width:22px;height:22px}<\/style>\t\t<div class=\"elementor-spacer\">\n\t\t\t<div class=\"elementor-spacer-inner\"><\/div>\n\t\t<\/div>\n\t\t\t\t<\/div>\n\t\t\t\t<\/div>\n\t\t\t\t<div class=\"elementor-element elementor-element-5e6e47e0 elementor-widget elementor-widget-heading\" data-id=\"5e6e47e0\" data-element_type=\"widget\" data-widget_type=\"heading.default\">\n\t\t\t\t<div class=\"elementor-widget-container\">\n\t\t\t<style>\/*! elementor - v3.18.0 - 20-12-2023 *\/\n.elementor-heading-title{padding:0;margin:0;line-height:1}.elementor-widget-heading .elementor-heading-title[class*=elementor-size-]>a{color:inherit;font-size:inherit;line-height:inherit}.elementor-widget-heading .elementor-heading-title.elementor-size-small{font-size:15px}.elementor-widget-heading .elementor-heading-title.elementor-size-medium{font-size:19px}.elementor-widget-heading .elementor-heading-title.elementor-size-large{font-size:29px}.elementor-widget-heading .elementor-heading-title.elementor-size-xl{font-size:39px}.elementor-widget-heading .elementor-heading-title.elementor-size-xxl{font-size:59px}<\/style><h2 class=\"elementor-heading-title elementor-size-xl\">Product warranty<\/h2>\t\t<\/div>\n\t\t\t\t<\/div>\n\t\t\t\t<div class=\"elementor-element elementor-element-1d9727d9 elementor-widget elementor-widget-spacer\" data-id=\"1d9727d9\" data-element_type=\"widget\" data-widget_type=\"spacer.default\">\n\t\t\t\t<div class=\"elementor-widget-container\">\n\t\t\t\t\t<div class=\"elementor-spacer\">\n\t\t\t<div class=\"elementor-spacer-inner\"><\/div>\n\t\t<\/div>\n\t\t\t\t<\/div>\n\t\t\t\t<\/div>\n\t\t\t\t\t<\/div>\n\t\t<\/div>\n\t\t\t\t\t\t\t<\/div>\n\t\t<\/section>\n\t\t\t\t<section class=\"elementor-section elementor-top-section elementor-element elementor-element-66b227f elementor-section-boxed elementor-section-height-default elementor-section-height-default\" data-id=\"66b227f\" data-element_type=\"section\">\n\t\t\t\t\t\t<div class=\"elementor-container elementor-column-gap-default\">\n\t\t\t\t\t<div class=\"elementor-column elementor-col-100 elementor-top-column elementor-element elementor-element-157ac71\" data-id=\"157ac71\" data-element_type=\"column\">\n\t\t\t<div class=\"elementor-widget-wrap elementor-element-populated\">\n\t\t\t\t\t\t\t\t<div class=\"elementor-element elementor-element-e4d30c1 elementor-widget elementor-widget-spacer\" data-id=\"e4d30c1\" data-element_type=\"widget\" data-widget_type=\"spacer.default\">\n\t\t\t\t<div class=\"elementor-widget-container\">\n\t\t\t\t\t<div class=\"elementor-spacer\">\n\t\t\t<div class=\"elementor-spacer-inner\"><\/div>\n\t\t<\/div>\n\t\t\t\t<\/div>\n\t\t\t\t<\/div>\n\t\t\t\t<div class=\"elementor-element elementor-element-5e1305b elementor-widget elementor-widget-text-editor\" data-id=\"5e1305b\" data-element_type=\"widget\" data-widget_type=\"text-editor.default\">\n\t\t\t\t<div class=\"elementor-widget-container\">\n\t\t\t<style>\/*! elementor - v3.18.0 - 20-12-2023 *\/\n.elementor-widget-text-editor.elementor-drop-cap-view-stacked .elementor-drop-cap{background-color:#69727d;color:#fff}.elementor-widget-text-editor.elementor-drop-cap-view-framed .elementor-drop-cap{color:#69727d;border:3px solid;background-color:transparent}.elementor-widget-text-editor:not(.elementor-drop-cap-view-default) .elementor-drop-cap{margin-top:8px}.elementor-widget-text-editor:not(.elementor-drop-cap-view-default) .elementor-drop-cap-letter{width:1em;height:1em}.elementor-widget-text-editor .elementor-drop-cap{float:left;text-align:center;line-height:1;font-size:50px}.elementor-widget-text-editor .elementor-drop-cap-letter{display:inline-block}<\/style>\t\t\t\t<p>Timberwise provides the parquet structure and surface treatment with a ten year warranty from the date of purchase.<\/p><p>The warranty applies to top-grade parquets and covers raw material and manufacturing defects. The warranty covers parquets installed for private use in normal residential room conditions when the Timberwise installation and care instructions provided with the package have been followed. Guarantee for design floors is valid only when the installation is done by a professional and according to the instruction given by the supplier.<\/p><p>The warranty does not cover parquet boards which have been deemed defective at the installation stage and which have been installed on the floor. They must be set aside, and they will be replaced by faultless boards free of charge.<\/p><p>The warranty does not cover scratches or dents that occur through use, or normal wear and tear. This is because the surface treatment does not make the surface of the wooden flooring or the wood material any harder than it is naturally. The warranty does not cover possible board swelling or shrinking due to a deviation from normal residential room conditions (18\u201324 \u00b0C, RH 40\u201360%) either. Since wood is a natural material, natural colour tone differences due to that fact are not covered by the warranty. Possible colour defective parquet boards must be set aside already at the installation stage.<\/p><p>The maximum liability under warranty is the value of the flooring material. The warranty does not cover possible indirect costs.  The flooring repair costs may only be compensated for if they have been agreed upon with the manufacturer in advance.  Timberwise reserves the right to repair, order to be repaired by an external party, or replace the defective flooring. In case of liability under warranty, the defective parquet shall be returned to the manufacturer in a manner agreed upon on a case by case basis.<\/p><p>\u00a0<\/p><p><a href=\"mailto:info@timberwise.es\">info@timberwise.es<\/a><br \/><a href=\"callto: +34630719049\">+34 630 719 049<\/a> \/ <a href=\"callto: +34660505352\">+34 660 505 352<\/a><\/p>\t\t\t\t\t\t<\/div>\n\t\t\t\t<\/div>\n\t\t\t\t\t<\/div>\n\t\t<\/div>\n\t\t\t\t\t\t\t<\/div>\n\t\t<\/section>\n\t\t\t\t<section class=\"elementor-section elementor-top-section elementor-element elementor-element-bd5ed49 elementor-section-boxed elementor-section-height-default elementor-section-height-default\" data-id=\"bd5ed49\" data-element_type=\"section\" data-settings=\"{&quot;background_background&quot;:&quot;classic&quot;}\">\n\t\t\t\t\t\t<div class=\"elementor-container elementor-column-gap-default\">\n\t\t\t\t\t<div class=\"elementor-column elementor-col-50 elementor-top-column elementor-element elementor-element-547b9b1d\" data-id=\"547b9b1d\" data-element_type=\"column\">\n\t\t\t<div class=\"elementor-widget-wrap elementor-element-populated\">\n\t\t\t\t\t\t\t\t<div class=\"elementor-element elementor-element-43c73014 elementor-widget elementor-widget-text-editor\" data-id=\"43c73014\" data-element_type=\"widget\" data-widget_type=\"text-editor.default\">\n\t\t\t\t<div class=\"elementor-widget-container\">\n\t\t\t\t\t\t\t<p><a href=\"http:\/\/www.timberwise.es\/\"><strong>Home<\/strong><\/a><\/p><p><a href=\"http:\/\/www.timberwise.es\/productos\/\"><strong>Products<\/strong><\/a><\/p><p><a href=\"http:\/\/www.timberwise.es\/10-razones-para-eligir-timberwise\/\"><strong>Timberwise<\/strong><\/a><\/p><p><strong><a href=\"http:\/\/www.timberwise.es\/informacion-general-del-suelo-timberwise\/\">Technical data<\/a><\/strong><\/p><p><a href=\"https:\/\/www.instagram.com\/timberwiseespana\/?hl=fi\" target=\"_blank\" rel=\"noopener\"><strong>Instagram<\/strong><\/a><\/p><p><a href=\"http:\/\/www.timberwise.es\/contact\/\"><strong>Contact us<\/strong><\/a><\/p><p><a href=\"http:\/\/www.timberwise.es\/elementor-408\/\"><strong>Privacy Policy<\/strong><\/a><\/p>\t\t\t\t\t\t<\/div>\n\t\t\t\t<\/div>\n\t\t\t\t\t<\/div>\n\t\t<\/div>\n\t\t\t\t<div class=\"elementor-column elementor-col-50 elementor-top-column elementor-element elementor-element-584851d2\" data-id=\"584851d2\" data-element_type=\"column\">\n\t\t\t<div class=\"elementor-widget-wrap elementor-element-populated\">\n\t\t\t\t\t\t\t\t<div class=\"elementor-element elementor-element-35a4f4c7 elementor-widget elementor-widget-spacer\" data-id=\"35a4f4c7\" data-element_type=\"widget\" data-widget_type=\"spacer.default\">\n\t\t\t\t<div class=\"elementor-widget-container\">\n\t\t\t\t\t<div class=\"elementor-spacer\">\n\t\t\t<div class=\"elementor-spacer-inner\"><\/div>\n\t\t<\/div>\n\t\t\t\t<\/div>\n\t\t\t\t<\/div>\n\t\t\t\t<div class=\"elementor-element elementor-element-393f4faf elementor-widget elementor-widget-spacer\" data-id=\"393f4faf\" data-element_type=\"widget\" data-widget_type=\"spacer.default\">\n\t\t\t\t<div class=\"elementor-widget-container\">\n\t\t\t\t\t<div class=\"elementor-spacer\">\n\t\t\t<div class=\"elementor-spacer-inner\"><\/div>\n\t\t<\/div>\n\t\t\t\t<\/div>\n\t\t\t\t<\/div>\n\t\t\t\t<div class=\"elementor-element elementor-element-2e9d8c88 elementor-widget elementor-widget-text-editor\" data-id=\"2e9d8c88\" data-element_type=\"widget\" data-widget_type=\"text-editor.default\">\n\t\t\t\t<div class=\"elementor-widget-container\">\n\t\t\t\t\t\t\t<p><span style=\"color: #ddd0c3; font-family: Spartan, HelveticaNeue, Helvetica, Arial, sans-serif; font-size: 16px; background-color: #272425;\">\u00a9 Timberwise 2022<\/span><\/p>\t\t\t\t\t\t<\/div>\n\t\t\t\t<\/div>\n\t\t\t\t\t<\/div>\n\t\t<\/div>\n\t\t\t\t\t\t\t<\/div>\n\t\t<\/section>\n\t\t\t\t\t\t\t<\/div>","protected":false},"excerpt":{"rendered":"<p>La garant\u00eda del producto Timberwise proporciona la estructura de parquet y el tratamiento de la superficie con una garant\u00eda de diez a\u00f1os a partir de la fecha de compra. La garant\u00eda se aplica a los parquets de primera calidad y cubre los defectos de materia prima y de fabricaci\u00f3n. La garant\u00eda cubre los parquets instalados &hellip;<\/p>\n<p class=\"read-more\"> <a class=\"\" href=\"http:\/\/www.timberwise.es\/en\/la-garantia-del-producto\/\"> <span class=\"screen-reader-text\">Product warranty<\/span> Read More &raquo;<\/a><\/p>","protected":false},"author":1,"featured_media":0,"parent":0,"menu_order":0,"comment_status":"closed","ping_status":"closed","template":"","meta":{"site-sidebar-layout":"no-sidebar","site-content-layout":"page-builder","ast-global-header-display":"","ast-main-header-display":"","ast-hfb-above-header-display":"","ast-hfb-below-header-display":"","ast-hfb-mobile-header-display":"","site-post-title":"disabled","ast-breadcrumbs-content":"","ast-featured-img":"disabled","footer-sml-layout":"","theme-transparent-header-meta":"","adv-header-id-meta":"","stick-header-meta":"","header-above-stick-meta":"","header-main-stick-meta":"","header-below-stick-meta":"","footnotes":""},"class_list":["post-1002","page","type-page","status-publish","hentry"],"yoast_head":"<!-- This site is optimized with the Yoast SEO plugin v24.9 - https:\/\/yoast.com\/wordpress\/plugins\/seo\/ -->\n<title>La garant\u00eda del producto -<\/title>\n<meta name=\"robots\" content=\"index, follow, max-snippet:-1, max-image-preview:large, max-video-preview:-1\" \/>\n<link rel=\"canonical\" href=\"http:\/\/www.timberwise.es\/en\/la-garantia-del-producto\/\" \/>\n<meta property=\"og:locale\" content=\"en_US\" \/>\n<meta property=\"og:type\" content=\"article\" \/>\n<meta property=\"og:title\" content=\"La garant\u00eda del producto -\" \/>\n<meta property=\"og:description\" content=\"La garant\u00eda del producto Timberwise proporciona la estructura de parquet y el tratamiento de la superficie con una garant\u00eda de diez a\u00f1os a partir de la fecha de compra. La garant\u00eda se aplica a los parquets de primera calidad y cubre los defectos de materia prima y de fabricaci\u00f3n. La garant\u00eda cubre los parquets instalados &hellip; La garant\u00eda del producto Read More &raquo;\" \/>\n<meta property=\"og:url\" content=\"http:\/\/www.timberwise.es\/en\/la-garantia-del-producto\/\" \/>\n<meta property=\"article:publisher\" content=\"https:\/\/www.facebook.com\/timberwisespain\" \/>\n<meta property=\"article:modified_time\" content=\"2022-10-11T17:51:50+00:00\" \/>\n<meta name=\"twitter:card\" content=\"summary_large_image\" \/>\n<meta name=\"twitter:label1\" content=\"Est. reading time\" \/>\n\t<meta name=\"twitter:data1\" content=\"2 minutes\" \/>\n<script type=\"application\/ld+json\" class=\"yoast-schema-graph\">{\"@context\":\"https:\/\/schema.org\",\"@graph\":[{\"@type\":\"WebPage\",\"@id\":\"http:\/\/www.timberwise.es\/la-garantia-del-producto\/\",\"url\":\"http:\/\/www.timberwise.es\/la-garantia-del-producto\/\",\"name\":\"La garant\u00eda del producto -\",\"isPartOf\":{\"@id\":\"http:\/\/www.timberwise.es\/#website\"},\"datePublished\":\"2022-10-11T16:13:10+00:00\",\"dateModified\":\"2022-10-11T17:51:50+00:00\",\"breadcrumb\":{\"@id\":\"http:\/\/www.timberwise.es\/la-garantia-del-producto\/#breadcrumb\"},\"inLanguage\":\"en-US\",\"potentialAction\":[{\"@type\":\"ReadAction\",\"target\":[\"http:\/\/www.timberwise.es\/la-garantia-del-producto\/\"]}]},{\"@type\":\"BreadcrumbList\",\"@id\":\"http:\/\/www.timberwise.es\/la-garantia-del-producto\/#breadcrumb\",\"itemListElement\":[{\"@type\":\"ListItem\",\"position\":1,\"name\":\"Home\",\"item\":\"http:\/\/www.timberwise.es\/\"},{\"@type\":\"ListItem\",\"position\":2,\"name\":\"La garant\u00eda del producto\"}]},{\"@type\":\"WebSite\",\"@id\":\"http:\/\/www.timberwise.es\/#website\",\"url\":\"http:\/\/www.timberwise.es\/\",\"name\":\"Timberwise\",\"description\":\"Timberwise - Piso Para La Vida\",\"publisher\":{\"@id\":\"http:\/\/www.timberwise.es\/#organization\"},\"alternateName\":\"Timberwise parquet\",\"potentialAction\":[{\"@type\":\"SearchAction\",\"target\":{\"@type\":\"EntryPoint\",\"urlTemplate\":\"http:\/\/www.timberwise.es\/?s={search_term_string}\"},\"query-input\":{\"@type\":\"PropertyValueSpecification\",\"valueRequired\":true,\"valueName\":\"search_term_string\"}}],\"inLanguage\":\"en-US\"},{\"@type\":\"Organization\",\"@id\":\"http:\/\/www.timberwise.es\/#organization\",\"name\":\"Timberwise\",\"alternateName\":\"Parquet timberwise\",\"url\":\"http:\/\/www.timberwise.es\/\",\"logo\":{\"@type\":\"ImageObject\",\"inLanguage\":\"en-US\",\"@id\":\"http:\/\/www.timberwise.es\/#\/schema\/logo\/image\/\",\"url\":\"http:\/\/www.timberwise.es\/wp-content\/uploads\/2022\/08\/cropped-logo-iso-musta-2.png\",\"contentUrl\":\"http:\/\/www.timberwise.es\/wp-content\/uploads\/2022\/08\/cropped-logo-iso-musta-2.png\",\"width\":310,\"height\":118,\"caption\":\"Timberwise\"},\"image\":{\"@id\":\"http:\/\/www.timberwise.es\/#\/schema\/logo\/image\/\"},\"sameAs\":[\"https:\/\/www.facebook.com\/timberwisespain\",\"https:\/\/www.instagram.com\/timberwiseespana\/?hl=fi\"]}]}<\/script>\n<!-- \/ Yoast SEO plugin. -->","yoast_head_json":{"title":"La garant\u00eda del producto -","robots":{"index":"index","follow":"follow","max-snippet":"max-snippet:-1","max-image-preview":"max-image-preview:large","max-video-preview":"max-video-preview:-1"},"canonical":"http:\/\/www.timberwise.es\/en\/la-garantia-del-producto\/","og_locale":"en_US","og_type":"article","og_title":"La garant\u00eda del producto -","og_description":"La garant\u00eda del producto Timberwise proporciona la estructura de parquet y el tratamiento de la superficie con una garant\u00eda de diez a\u00f1os a partir de la fecha de compra. La garant\u00eda se aplica a los parquets de primera calidad y cubre los defectos de materia prima y de fabricaci\u00f3n. La garant\u00eda cubre los parquets instalados &hellip; La garant\u00eda del producto Read More &raquo;","og_url":"http:\/\/www.timberwise.es\/en\/la-garantia-del-producto\/","article_publisher":"https:\/\/www.facebook.com\/timberwisespain","article_modified_time":"2022-10-11T17:51:50+00:00","twitter_card":"summary_large_image","twitter_misc":{"Est. reading time":"2 minutes"},"schema":{"@context":"https:\/\/schema.org","@graph":[{"@type":"WebPage","@id":"http:\/\/www.timberwise.es\/la-garantia-del-producto\/","url":"http:\/\/www.timberwise.es\/la-garantia-del-producto\/","name":"La garant\u00eda del producto -","isPartOf":{"@id":"http:\/\/www.timberwise.es\/#website"},"datePublished":"2022-10-11T16:13:10+00:00","dateModified":"2022-10-11T17:51:50+00:00","breadcrumb":{"@id":"http:\/\/www.timberwise.es\/la-garantia-del-producto\/#breadcrumb"},"inLanguage":"en-US","potentialAction":[{"@type":"ReadAction","target":["http:\/\/www.timberwise.es\/la-garantia-del-producto\/"]}]},{"@type":"BreadcrumbList","@id":"http:\/\/www.timberwise.es\/la-garantia-del-producto\/#breadcrumb","itemListElement":[{"@type":"ListItem","position":1,"name":"Home","item":"http:\/\/www.timberwise.es\/"},{"@type":"ListItem","position":2,"name":"La garant\u00eda del producto"}]},{"@type":"WebSite","@id":"http:\/\/www.timberwise.es\/#website","url":"http:\/\/www.timberwise.es\/","name":"Timberwise","description":"Timberwise - Piso Para La Vida","publisher":{"@id":"http:\/\/www.timberwise.es\/#organization"},"alternateName":"Timberwise parquet","potentialAction":[{"@type":"SearchAction","target":{"@type":"EntryPoint","urlTemplate":"http:\/\/www.timberwise.es\/?s={search_term_string}"},"query-input":{"@type":"PropertyValueSpecification","valueRequired":true,"valueName":"search_term_string"}}],"inLanguage":"en-US"},{"@type":"Organization","@id":"http:\/\/www.timberwise.es\/#organization","name":"Timberwise","alternateName":"Parquet timberwise","url":"http:\/\/www.timberwise.es\/","logo":{"@type":"ImageObject","inLanguage":"en-US","@id":"http:\/\/www.timberwise.es\/#\/schema\/logo\/image\/","url":"http:\/\/www.timberwise.es\/wp-content\/uploads\/2022\/08\/cropped-logo-iso-musta-2.png","contentUrl":"http:\/\/www.timberwise.es\/wp-content\/uploads\/2022\/08\/cropped-logo-iso-musta-2.png","width":310,"height":118,"caption":"Timberwise"},"image":{"@id":"http:\/\/www.timberwise.es\/#\/schema\/logo\/image\/"},"sameAs":["https:\/\/www.facebook.com\/timberwisespain","https:\/\/www.instagram.com\/timberwiseespana\/?hl=fi"]}]}},"_links":{"self":[{"href":"http:\/\/www.timberwise.es\/en\/wp-json\/wp\/v2\/pages\/1002","targetHints":{"allow":["GET"]}}],"collection":[{"href":"http:\/\/www.timberwise.es\/en\/wp-json\/wp\/v2\/pages"}],"about":[{"href":"http:\/\/www.timberwise.es\/en\/wp-json\/wp\/v2\/types\/page"}],"author":[{"embeddable":true,"href":"http:\/\/www.timberwise.es\/en\/wp-json\/wp\/v2\/users\/1"}],"replies":[{"embeddable":true,"href":"http:\/\/www.timberwise.es\/en\/wp-json\/wp\/v2\/comments?post=1002"}],"version-history":[{"count":0,"href":"http:\/\/www.timberwise.es\/en\/wp-json\/wp\/v2\/pages\/1002\/revisions"}],"wp:attachment":[{"href":"http:\/\/www.timberwise.es\/en\/wp-json\/wp\/v2\/media?parent=1002"}],"curies":[{"name":"wp","href":"https:\/\/api.w.org\/{rel}","templated":true}]}}